{"id":778,"date":"2019-02-01T09:53:03","date_gmt":"2019-02-01T08:53:03","guid":{"rendered":"https:\/\/www.tyyny.fr\/?page_id=778"},"modified":"2024-11-21T15:38:20","modified_gmt":"2024-11-21T14:38:20","slug":"traders","status":"publish","type":"page","link":"https:\/\/www.tyyny.fr\/en\/traders\/","title":{"rendered":"Traders"},"content":{"rendered":"<div id=\"pl-778\"  class=\"panel-layout\" ><div id=\"pg-778-0\"  class=\"panel-grid panel-has-style\" ><div id=\"entete-revendeur\" class=\"panel-row-style panel-row-style-for-778-0\" ><div id=\"pgc-778-0-0\"  class=\"panel-grid-cell\" ><div id=\"panel-778-0-0-0\" class=\"so-panel widget widget_sow-editor panel-first-child\" data-index=\"0\" ><div\n\t\t\t\n\t\t\tclass=\"so-widget-sow-editor so-widget-sow-editor-base\"\n\t\t\t\n\t\t>\n<div class=\"siteorigin-widget-tinymce textwidget\">\n\t<h1 class=\"titre-orange\">OUR TRADERS<\/h1>\n<h2 class=\"titre-bloc\">TYYNY\u00ae\nFAVOURITE BRAND\nOF GOOD TRADERS.<\/h2><\/div>\n<\/div><\/div><div id=\"panel-778-0-0-1\" class=\"so-panel widget widget_sow-editor panel-last-child\" data-index=\"1\" ><div\n\t\t\t\n\t\t\tclass=\"so-widget-sow-editor so-widget-sow-editor-base\"\n\t\t\t\n\t\t>\n<div class=\"siteorigin-widget-tinymce textwidget\">\n\t<p><span class=\"sous-titre-bloc\">Products of the range TYYNY are available in France and in Europe in a network of selective traders.<\/span><\/p>\n<\/div>\n<\/div><\/div><\/div><\/div><\/div><div id=\"pg-778-1\"  class=\"panel-grid panel-no-style\" ><div id=\"pgc-778-1-0\"  class=\"panel-grid-cell\" ><div id=\"panel-778-1-0-0\" class=\"so-panel widget widget_sow-editor panel-first-child panel-last-child\" data-index=\"2\" ><div class=\"titre-bloc titre-bloc-revendeur panel-widget-style panel-widget-style-for-778-1-0-0\" ><div\n\t\t\t\n\t\t\tclass=\"so-widget-sow-editor so-widget-sow-editor-base\"\n\t\t\t\n\t\t>\n<div class=\"siteorigin-widget-tinymce textwidget\">\n\t<p>Find your closest<br \/>\ntraders<\/p>\n<\/div>\n<\/div><\/div><\/div><\/div><\/div><div id=\"pg-778-2\"  class=\"panel-grid panel-has-style\" ><div class=\"revendeur-accordion  panel-row-style panel-row-style-for-778-2\" ><div id=\"pgc-778-2-0\"  class=\"panel-grid-cell\" ><div id=\"panel-778-2-0-0\" class=\"so-panel widget widget_sow-editor panel-first-child\" data-index=\"3\" ><div\n\t\t\t\n\t\t\tclass=\"so-widget-sow-editor so-widget-sow-editor-base\"\n\t\t\t\n\t\t>\n<div class=\"siteorigin-widget-tinymce textwidget\">\n\t<p><\/p>\n<\/div>\n<\/div><\/div><div id=\"panel-778-2-0-1\" class=\"so-panel widget widget_sow-accordion panel-last-child\" data-index=\"4\" ><div\n\t\t\t\n\t\t\tclass=\"so-widget-sow-accordion so-widget-sow-accordion-default-aee93c0b2634-778\"\n\t\t\t data-max-open-panels=\"1\" data-use-anchor-tags=\"false\" data-initial-scroll-panel=\"0\"\n\t\t><div>\n\t<div class=\"sow-accordion\">\n\t\t\t<div class=\"sow-accordion-panel sow-accordion-panel-open\"\n\t\t\t data-anchor-id=\"other-countries\">\n\t\t\t\t<div class=\"sow-accordion-panel-header-container\" role=\"heading\" aria-level=\"2\">\n\t\t\t\t\t<div class=\"sow-accordion-panel-header\" tabindex=\"0\" role=\"button\" id=\"accordion-label-other-countries\" aria-controls=\"accordion-content-other-countries\" aria-expanded=\"true\">\n\t\t\t\t\t\t<div class=\"sow-accordion-title sow-accordion-title-icon-left\">\n\t\t\t\t\t\t\t\t\t\t\t\t\t\tOther countries\t\t\t\t\t\t\t\t\t\t\t\t\t<\/div>\n\t\t\t\t\t\t<div class=\"sow-accordion-open-close-button\">\n\t\t\t\t\t\t\t<div class=\"sow-accordion-open-button\">\n\t\t\t\t\t\t\t\t<span class=\"sow-icon-fontawesome sow-fas\" data-sow-icon=\"&#x2b;\"\n\t\t \n\t\taria-hidden=\"true\"><\/span>\t\t\t\t\t\t\t<\/div>\n\t\t\t\t\t\t\t<div class=\"sow-accordion-close-button\">\n\t\t\t\t\t\t\t\t<span class=\"sow-icon-fontawesome sow-fas\" data-sow-icon=\"&#xf068;\"\n\t\t \n\t\taria-hidden=\"true\"><\/span>\t\t\t\t\t\t\t<\/div>\n\t\t\t\t\t\t<\/div>\n\t\t\t\t\t<\/div>\n\t\t\t\t<\/div>\n\n\t\t\t<div\n\t\t\t\tclass=\"sow-accordion-panel-content\"\n\t\t\t\trole=\"region\"\n\t\t\t\taria-labelledby=\"accordion-label-other-countries\"\n\t\t\t\tid=\"accordion-content-other-countries\"\n\t\t\t\t\t\t\t>\n\t\t\t\t<div class=\"sow-accordion-panel-border\">\n\t\t\t\t\t<span class=\"no-country\"><b>No distributor in your country yet,<\/b><br \/>\ncontact us directly to meet <br \/>your needs! \n<\/span>\n\n<a class=\"btn-orange\" href=\"https:\/\/www.tyyny.fr\/en\/contact\/\">Send a message<\/a>\n<div id=\"appelez\">\n<span>Call us at <\/span>\n<a href=\"tel:+33477402135\">+33 4 77 40 21 35<\/a>\n<\/div>\t\t\t\t<\/div>\n\t\t\t<\/div>\n\t\t<\/div>\n\t\t<\/div>\n<\/div>\n<\/div><\/div><\/div><\/div><\/div><div id=\"pg-778-3\"  class=\"panel-grid panel-has-style\" ><div class=\"section-revente panel-row-style panel-row-style-for-778-3\" ><div id=\"pgc-778-3-0\"  class=\"panel-grid-cell\" ><div id=\"panel-778-3-0-0\" class=\"so-panel widget widget_sow-editor panel-first-child panel-last-child\" data-index=\"5\" ><div class=\"bloc-revendeur panel-widget-style panel-widget-style-for-778-3-0-0\" ><div\n\t\t\t\n\t\t\tclass=\"so-widget-sow-editor so-widget-sow-editor-base\"\n\t\t\t\n\t\t>\n<div class=\"siteorigin-widget-tinymce textwidget\">\n\t<p>&nbsp;<\/p>\n<h2 class=\"titre-section\">DO YOU WISH<br \/>\nTO SELL OUR<br \/>\nPRODUCTS?<\/h2>\n<p><a class=\"btn-revendeur\" href=\"https:\/\/www.tyyny.fr\/en\/contact\/\">Please contact<br \/>\nMaxime<\/a><\/p>\n<\/div>\n<\/div><\/div><\/div><\/div><\/div><\/div><\/div>","protected":false},"excerpt":{"rendered":"<p>OUR TRADERS TYYNY\u00ae FAVOURITE BRAND OF GOOD TRADERS. Products of the range TYYNY are available in France and in Europe in a network of selective traders. Find your closest traders<\/p>\n","protected":false},"author":1,"featured_media":0,"parent":0,"menu_order":0,"comment_status":"closed","ping_status":"closed","template":"","meta":{"_acf_changed":false,"footnotes":""},"class_list":["post-778","page","type-page","status-publish","hentry"],"acf":[],"yoast_head":"<!-- This site is optimized with the Yoast SEO plugin v23.5 - https:\/\/yoast.com\/wordpress\/plugins\/seo\/ -->\n<title>Revendeurs - TYYNY\u00ae la marque pr\u00e9f\u00e9r\u00e9e des bons revendeurs. - TYYNY<\/title>\n<meta name=\"description\" content=\"LES PRODUITS DE LA GAMME TYYNY SONT DISPONIBLES EN FRANCE ET EN EUROPE DANS UN R\u00c9SEAU DE DISTRIBUTEURS S\u00c9LECTIFS.\" \/>\n<meta name=\"robots\" content=\"index, follow, max-snippet:-1, max-image-preview:large, max-video-preview:-1\" \/>\n<link rel=\"canonical\" href=\"https:\/\/www.tyyny.fr\/en\/traders\/\" \/>\n<meta property=\"og:locale\" content=\"en_US\" \/>\n<meta property=\"og:type\" content=\"article\" \/>\n<meta property=\"og:title\" content=\"Revendeurs - TYYNY\u00ae la marque pr\u00e9f\u00e9r\u00e9e des bons revendeurs. - TYYNY\" \/>\n<meta property=\"og:description\" content=\"LES PRODUITS DE LA GAMME TYYNY SONT DISPONIBLES EN FRANCE ET EN EUROPE DANS UN R\u00c9SEAU DE DISTRIBUTEURS S\u00c9LECTIFS.\" \/>\n<meta property=\"og:url\" content=\"https:\/\/www.tyyny.fr\/en\/traders\/\" \/>\n<meta property=\"og:site_name\" content=\"Tyyny\" \/>\n<meta property=\"article:modified_time\" content=\"2024-11-21T14:38:20+00:00\" \/>\n<meta name=\"twitter:card\" content=\"summary_large_image\" \/>\n<meta name=\"twitter:label1\" content=\"Est. reading time\" \/>\n\t<meta name=\"twitter:data1\" content=\"1 minute\" \/>\n<script type=\"application\/ld+json\" class=\"yoast-schema-graph\">{\"@context\":\"https:\/\/schema.org\",\"@graph\":[{\"@type\":\"WebPage\",\"@id\":\"https:\/\/www.tyyny.fr\/en\/traders\/\",\"url\":\"https:\/\/www.tyyny.fr\/en\/traders\/\",\"name\":\"Revendeurs - TYYNY\u00ae la marque pr\u00e9f\u00e9r\u00e9e des bons revendeurs. - TYYNY\",\"isPartOf\":{\"@id\":\"https:\/\/www.tyyny.fr\/en\/#website\"},\"datePublished\":\"2019-02-01T08:53:03+00:00\",\"dateModified\":\"2024-11-21T14:38:20+00:00\",\"description\":\"LES PRODUITS DE LA GAMME TYYNY SONT DISPONIBLES EN FRANCE ET EN EUROPE DANS UN R\u00c9SEAU DE DISTRIBUTEURS S\u00c9LECTIFS.\",\"breadcrumb\":{\"@id\":\"https:\/\/www.tyyny.fr\/en\/traders\/#breadcrumb\"},\"inLanguage\":\"en-US\",\"potentialAction\":[{\"@type\":\"ReadAction\",\"target\":[\"https:\/\/www.tyyny.fr\/en\/traders\/\"]}]},{\"@type\":\"BreadcrumbList\",\"@id\":\"https:\/\/www.tyyny.fr\/en\/traders\/#breadcrumb\",\"itemListElement\":[{\"@type\":\"ListItem\",\"position\":1,\"name\":\"Accueil\",\"item\":\"https:\/\/www.tyyny.fr\/en\/\"},{\"@type\":\"ListItem\",\"position\":2,\"name\":\"Traders\"}]},{\"@type\":\"WebSite\",\"@id\":\"https:\/\/www.tyyny.fr\/en\/#website\",\"url\":\"https:\/\/www.tyyny.fr\/en\/\",\"name\":\"Tyyny\",\"description\":\"Am\u00e9nagement et s\u00e9curisation d&#039;espaces sports et loisirs\",\"publisher\":{\"@id\":\"https:\/\/www.tyyny.fr\/en\/#organization\"},\"potentialAction\":[{\"@type\":\"SearchAction\",\"target\":{\"@type\":\"EntryPoint\",\"urlTemplate\":\"https:\/\/www.tyyny.fr\/en\/?s={search_term_string}\"},\"query-input\":{\"@type\":\"PropertyValueSpecification\",\"valueRequired\":true,\"valueName\":\"search_term_string\"}}],\"inLanguage\":\"en-US\"},{\"@type\":\"Organization\",\"@id\":\"https:\/\/www.tyyny.fr\/en\/#organization\",\"name\":\"Tyyny\",\"url\":\"https:\/\/www.tyyny.fr\/en\/\",\"logo\":{\"@type\":\"ImageObject\",\"inLanguage\":\"en-US\",\"@id\":\"https:\/\/www.tyyny.fr\/en\/#\/schema\/logo\/image\/\",\"url\":\"https:\/\/www.tyyny.fr\/wp-content\/uploads\/2019\/05\/logo-tyyny.png\",\"contentUrl\":\"https:\/\/www.tyyny.fr\/wp-content\/uploads\/2019\/05\/logo-tyyny.png\",\"width\":104,\"height\":50,\"caption\":\"Tyyny\"},\"image\":{\"@id\":\"https:\/\/www.tyyny.fr\/en\/#\/schema\/logo\/image\/\"}}]}<\/script>\n<!-- \/ Yoast SEO plugin. -->","yoast_head_json":{"title":"Revendeurs - TYYNY\u00ae la marque pr\u00e9f\u00e9r\u00e9e des bons revendeurs. - TYYNY","description":"LES PRODUITS DE LA GAMME TYYNY SONT DISPONIBLES EN FRANCE ET EN EUROPE DANS UN R\u00c9SEAU DE DISTRIBUTEURS S\u00c9LECTIFS.","robots":{"index":"index","follow":"follow","max-snippet":"max-snippet:-1","max-image-preview":"max-image-preview:large","max-video-preview":"max-video-preview:-1"},"canonical":"https:\/\/www.tyyny.fr\/en\/traders\/","og_locale":"en_US","og_type":"article","og_title":"Revendeurs - TYYNY\u00ae la marque pr\u00e9f\u00e9r\u00e9e des bons revendeurs. - TYYNY","og_description":"LES PRODUITS DE LA GAMME TYYNY SONT DISPONIBLES EN FRANCE ET EN EUROPE DANS UN R\u00c9SEAU DE DISTRIBUTEURS S\u00c9LECTIFS.","og_url":"https:\/\/www.tyyny.fr\/en\/traders\/","og_site_name":"Tyyny","article_modified_time":"2024-11-21T14:38:20+00:00","twitter_card":"summary_large_image","twitter_misc":{"Est. reading time":"1 minute"},"schema":{"@context":"https:\/\/schema.org","@graph":[{"@type":"WebPage","@id":"https:\/\/www.tyyny.fr\/en\/traders\/","url":"https:\/\/www.tyyny.fr\/en\/traders\/","name":"Revendeurs - TYYNY\u00ae la marque pr\u00e9f\u00e9r\u00e9e des bons revendeurs. - TYYNY","isPartOf":{"@id":"https:\/\/www.tyyny.fr\/en\/#website"},"datePublished":"2019-02-01T08:53:03+00:00","dateModified":"2024-11-21T14:38:20+00:00","description":"LES PRODUITS DE LA GAMME TYYNY SONT DISPONIBLES EN FRANCE ET EN EUROPE DANS UN R\u00c9SEAU DE DISTRIBUTEURS S\u00c9LECTIFS.","breadcrumb":{"@id":"https:\/\/www.tyyny.fr\/en\/traders\/#breadcrumb"},"inLanguage":"en-US","potentialAction":[{"@type":"ReadAction","target":["https:\/\/www.tyyny.fr\/en\/traders\/"]}]},{"@type":"BreadcrumbList","@id":"https:\/\/www.tyyny.fr\/en\/traders\/#breadcrumb","itemListElement":[{"@type":"ListItem","position":1,"name":"Accueil","item":"https:\/\/www.tyyny.fr\/en\/"},{"@type":"ListItem","position":2,"name":"Traders"}]},{"@type":"WebSite","@id":"https:\/\/www.tyyny.fr\/en\/#website","url":"https:\/\/www.tyyny.fr\/en\/","name":"Tyyny","description":"Am\u00e9nagement et s\u00e9curisation d&#039;espaces sports et loisirs","publisher":{"@id":"https:\/\/www.tyyny.fr\/en\/#organization"},"potentialAction":[{"@type":"SearchAction","target":{"@type":"EntryPoint","urlTemplate":"https:\/\/www.tyyny.fr\/en\/?s={search_term_string}"},"query-input":{"@type":"PropertyValueSpecification","valueRequired":true,"valueName":"search_term_string"}}],"inLanguage":"en-US"},{"@type":"Organization","@id":"https:\/\/www.tyyny.fr\/en\/#organization","name":"Tyyny","url":"https:\/\/www.tyyny.fr\/en\/","logo":{"@type":"ImageObject","inLanguage":"en-US","@id":"https:\/\/www.tyyny.fr\/en\/#\/schema\/logo\/image\/","url":"https:\/\/www.tyyny.fr\/wp-content\/uploads\/2019\/05\/logo-tyyny.png","contentUrl":"https:\/\/www.tyyny.fr\/wp-content\/uploads\/2019\/05\/logo-tyyny.png","width":104,"height":50,"caption":"Tyyny"},"image":{"@id":"https:\/\/www.tyyny.fr\/en\/#\/schema\/logo\/image\/"}}]}},"_links":{"self":[{"href":"https:\/\/www.tyyny.fr\/en\/wp-json\/wp\/v2\/pages\/778"}],"collection":[{"href":"https:\/\/www.tyyny.fr\/en\/wp-json\/wp\/v2\/pages"}],"about":[{"href":"https:\/\/www.tyyny.fr\/en\/wp-json\/wp\/v2\/types\/page"}],"author":[{"embeddable":true,"href":"https:\/\/www.tyyny.fr\/en\/wp-json\/wp\/v2\/users\/1"}],"replies":[{"embeddable":true,"href":"https:\/\/www.tyyny.fr\/en\/wp-json\/wp\/v2\/comments?post=778"}],"version-history":[{"count":17,"href":"https:\/\/www.tyyny.fr\/en\/wp-json\/wp\/v2\/pages\/778\/revisions"}],"predecessor-version":[{"id":2562,"href":"https:\/\/www.tyyny.fr\/en\/wp-json\/wp\/v2\/pages\/778\/revisions\/2562"}],"wp:attachment":[{"href":"https:\/\/www.tyyny.fr\/en\/wp-json\/wp\/v2\/media?parent=778"}],"curies":[{"name":"wp","href":"https:\/\/api.w.org\/{rel}","templated":true}]}}